{"id":2942,"date":"2024-12-05T14:16:39","date_gmt":"2024-12-05T14:16:39","guid":{"rendered":"https:\/\/religiomics.org\/questionario\/"},"modified":"2025-01-31T16:25:08","modified_gmt":"2025-01-31T16:25:08","slug":"questionario","status":"publish","type":"page","link":"https:\/\/religiomics.org\/it\/questionario\/","title":{"rendered":"Questionario"},"content":{"rendered":"\t\t<div data-elementor-type=\"wp-page\" data-elementor-id=\"2942\" class=\"elementor elementor-2942 elementor-71\" data-elementor-post-type=\"page\">\n\t\t\t\t<div class=\"elementor-element elementor-element-042e83b e-flex e-con-boxed e-con e-parent\" data-id=\"042e83b\" data-element_type=\"container\" data-settings=\"{&quot;background_background&quot;:&quot;classic&quot;}\">\n\t\t\t\t\t<div class=\"e-con-inner\">\n\t\t\t\t<div class=\"elementor-element elementor-element-3d247d5 elementor-widget elementor-widget-heading\" data-id=\"3d247d5\" data-element_type=\"widget\" data-widget_type=\"heading.default\">\n\t\t\t\t<div class=\"elementor-widget-container\">\n\t\t\t\t\t<h1 class=\"elementor-heading-title elementor-size-default\">Questionario<\/h1>\t\t\t\t<\/div>\n\t\t\t\t<\/div>\n\t\t<div class=\"elementor-element elementor-element-94c112e e-con-full e-flex e-con e-child\" data-id=\"94c112e\" data-element_type=\"container\">\n\t\t\t\t<div class=\"elementor-element elementor-element-51ea93b elementor-widget__width-initial elementor-widget-mobile_extra__width-inherit elementor-widget elementor-widget-text-editor\" data-id=\"51ea93b\" data-element_type=\"widget\" data-widget_type=\"text-editor.default\">\n\t\t\t\t<div class=\"elementor-widget-container\">\n\t\t\t\t\t\t\t\t\t<p>In questo progetto, il termine religione \u00e8 inteso in un senso ampio: includendo <strong>spiritualit\u00e0<\/strong>, <strong>esoterismo<\/strong>, <strong>psichedelia<\/strong>, <strong>occultismo<\/strong> e persino <strong>religioni basate sulla letteratura<\/strong> e <strong>parodistiche<\/strong>.<\/p>\n<p>Infatti, i fumetti sono stati spesso un veicolo per la diffusione sia delle religioni istituzionali che di dottrine eterodosse.<\/p>\n<p><em>Religiomics<\/em> \u00e8 un progetto di ricerca dell&#8217;Universit\u00e0 di Bologna (guidato da Francesco Piraino), in collaborazione con l&#8217;Universit\u00e9 de Lausanne e l&#8217;Universit\u00e0 di Harvard.<\/p>\n<p><b>I dati saranno raccolti in forma anonima e utilizzati solo a fine di ricerca in forma aggregata.<\/b><\/p>\n<p>Vi invito, nei limiti delle vostre possibilit\u00e0, a completare il questionario.<\/p>\n<p>Se siete interessati, saremo lieti di inviarvi i risultati della nostra ricerca.<br \/>Per maggiori informazioni sul progetto, potete scrivermi all&#8217;indirizzo e-mail: <a href=\"mailto:francesco.piraino@unibo.it\" target=\"_blank\" rel=\"noopener\"><strong>francesco.piraino@unibo.it<\/strong><\/a>  <\/p>\n<p>Grazie per l\u2019attenzione, la vostra partecipazione \u00e8 preziosa!<\/p>\n\t\t\t\t\t\t\t\t<\/div>\n\t\t\t\t<\/div>\n\t\t\t\t<div class=\"elementor-element elementor-element-efb8d7d elementor-widget__width-initial elementor-widget-mobile__width-inherit elementor-widget elementor-widget-image\" data-id=\"efb8d7d\" data-element_type=\"widget\" data-widget_type=\"image.default\">\n\t\t\t\t<div class=\"elementor-widget-container\">\n\t\t\t\t\t\t\t\t\t\t\t\t<figure class=\"wp-caption\">\n\t\t\t\t\t\t\t\t\t\t<img fetchpriority=\"high\" decoding=\"async\" width=\"795\" height=\"1024\" src=\"https:\/\/religiomics.org\/wp-content\/uploads\/2024\/12\/img11-795x1024.jpg\" class=\"attachment-large size-large wp-image-2803\" alt=\"\" srcset=\"https:\/\/religiomics.org\/wp-content\/uploads\/2024\/12\/img11-795x1024.jpg 795w, https:\/\/religiomics.org\/wp-content\/uploads\/2024\/12\/img11-233x300.jpg 233w, https:\/\/religiomics.org\/wp-content\/uploads\/2024\/12\/img11-768x990.jpg 768w, https:\/\/religiomics.org\/wp-content\/uploads\/2024\/12\/img11.jpg 800w\" sizes=\"(max-width: 795px) 100vw, 795px\" \/>\t\t\t\t\t\t\t\t\t\t\t<figcaption class=\"widget-image-caption wp-caption-text\">\u201cStigmate\u201d by Lorenzo Mattotti <\/figcaption>\n\t\t\t\t\t\t\t\t\t\t<\/figure>\n\t\t\t\t\t\t\t\t\t<\/div>\n\t\t\t\t<\/div>\n\t\t\t\t<\/div>\n\t\t\t\t\t<\/div>\n\t\t\t\t<\/div>\n\t\t<div class=\"elementor-element elementor-element-314a1162 e-flex e-con-boxed e-con e-parent\" data-id=\"314a1162\" data-element_type=\"container\">\n\t\t\t\t\t<div class=\"e-con-inner\">\n\t\t\t\t<div class=\"elementor-element elementor-element-249c688 elementor-widget elementor-widget-text-editor\" data-id=\"249c688\" data-element_type=\"widget\" data-widget_type=\"text-editor.default\">\n\t\t\t\t<div class=\"elementor-widget-container\">\n\t\t\t\t\t\t\t\t\t<iframe style=\"border: none; max-width: 100%; min-height: 85vh;\"  src=\"https:\/\/forms.office.com\/Pages\/ResponsePage.aspx?id=3EeW6QgbSkW_jGmRgbOJq2buMoEllaNFipwGhyt08NBUNUNVMzM1OUNNUU1VMEVUNFA3QVQwMDBSMi4u&#038;embed=true\" frameborder=\"0\" marginwidth=\"0\" marginheight=\"0\" style=\"border: none; max-width:100%; max-height:100vh\" allowfullscreen webkitallowfullscreen mozallowfullscreen msallowfullscreen> <\/iframe>\t\t\t\t\t\t\t\t<\/div>\n\t\t\t\t<\/div>\n\t\t\t\t\t<\/div>\n\t\t\t\t<\/div>\n\t\t\t\t<\/div>\n\t\t","protected":false},"excerpt":{"rendered":"<p>Questionario In questo progetto, il termine religione \u00e8 inteso in un senso ampio: includendo spiritualit\u00e0, esoterismo, psichedelia, occultismo e persino religioni basate sulla letteratura e parodistiche. Infatti, i fumetti sono stati spesso un veicolo per la diffusione sia delle religioni istituzionali che di dottrine eterodosse. Religiomics \u00e8 un progetto di ricerca dell&#8217;Universit\u00e0 di Bologna (guidato [&hellip;]<\/p>\n","protected":false},"author":2,"featured_media":0,"parent":0,"menu_order":0,"comment_status":"closed","ping_status":"closed","template":"","meta":{"_acf_changed":false,"footnotes":""},"class_list":["post-2942","page","type-page","status-publish","hentry"],"acf":[],"yoast_head":"<!-- This site is optimized with the Yoast SEO plugin v27.4 - https:\/\/yoast.com\/product\/yoast-seo-wordpress\/ -->\n<title>Questionario - Religiomics<\/title>\n<meta name=\"robots\" content=\"index, follow, max-snippet:-1, max-image-preview:large, max-video-preview:-1\" \/>\n<link rel=\"canonical\" href=\"https:\/\/religiomics.org\/it\/questionario\/\" \/>\n<meta property=\"og:locale\" content=\"it_IT\" \/>\n<meta property=\"og:type\" content=\"article\" \/>\n<meta property=\"og:title\" content=\"Questionario - Religiomics\" \/>\n<meta property=\"og:description\" content=\"Questionario In questo progetto, il termine religione \u00e8 inteso in un senso ampio: includendo spiritualit\u00e0, esoterismo, psichedelia, occultismo e persino religioni basate sulla letteratura e parodistiche. Infatti, i fumetti sono stati spesso un veicolo per la diffusione sia delle religioni istituzionali che di dottrine eterodosse. Religiomics \u00e8 un progetto di ricerca dell&#8217;Universit\u00e0 di Bologna (guidato [&hellip;]\" \/>\n<meta property=\"og:url\" content=\"https:\/\/religiomics.org\/it\/questionario\/\" \/>\n<meta property=\"og:site_name\" content=\"Religiomics\" \/>\n<meta property=\"article:modified_time\" content=\"2025-01-31T16:25:08+00:00\" \/>\n<meta property=\"og:image\" content=\"https:\/\/religiomics.org\/wp-content\/uploads\/2024\/12\/img11.jpg\" \/>\n\t<meta property=\"og:image:width\" content=\"800\" \/>\n\t<meta property=\"og:image:height\" content=\"1031\" \/>\n\t<meta property=\"og:image:type\" content=\"image\/jpeg\" \/>\n<meta name=\"twitter:card\" content=\"summary_large_image\" \/>\n<meta name=\"twitter:label1\" content=\"Tempo di lettura stimato\" \/>\n\t<meta name=\"twitter:data1\" content=\"1 minuto\" \/>\n<script type=\"application\/ld+json\" class=\"yoast-schema-graph\">{\"@context\":\"https:\\\/\\\/schema.org\",\"@graph\":[{\"@type\":\"WebPage\",\"@id\":\"https:\\\/\\\/religiomics.org\\\/it\\\/questionario\\\/\",\"url\":\"https:\\\/\\\/religiomics.org\\\/it\\\/questionario\\\/\",\"name\":\"Questionario - Religiomics\",\"isPartOf\":{\"@id\":\"https:\\\/\\\/religiomics.org\\\/#website\"},\"primaryImageOfPage\":{\"@id\":\"https:\\\/\\\/religiomics.org\\\/it\\\/questionario\\\/#primaryimage\"},\"image\":{\"@id\":\"https:\\\/\\\/religiomics.org\\\/it\\\/questionario\\\/#primaryimage\"},\"thumbnailUrl\":\"https:\\\/\\\/religiomics.org\\\/wp-content\\\/uploads\\\/2024\\\/12\\\/img11-795x1024.jpg\",\"datePublished\":\"2024-12-05T14:16:39+00:00\",\"dateModified\":\"2025-01-31T16:25:08+00:00\",\"breadcrumb\":{\"@id\":\"https:\\\/\\\/religiomics.org\\\/it\\\/questionario\\\/#breadcrumb\"},\"inLanguage\":\"it-IT\",\"potentialAction\":[{\"@type\":\"ReadAction\",\"target\":[\"https:\\\/\\\/religiomics.org\\\/it\\\/questionario\\\/\"]}]},{\"@type\":\"ImageObject\",\"inLanguage\":\"it-IT\",\"@id\":\"https:\\\/\\\/religiomics.org\\\/it\\\/questionario\\\/#primaryimage\",\"url\":\"https:\\\/\\\/religiomics.org\\\/wp-content\\\/uploads\\\/2024\\\/12\\\/img11-795x1024.jpg\",\"contentUrl\":\"https:\\\/\\\/religiomics.org\\\/wp-content\\\/uploads\\\/2024\\\/12\\\/img11-795x1024.jpg\"},{\"@type\":\"BreadcrumbList\",\"@id\":\"https:\\\/\\\/religiomics.org\\\/it\\\/questionario\\\/#breadcrumb\",\"itemListElement\":[{\"@type\":\"ListItem\",\"position\":1,\"name\":\"Home\",\"item\":\"https:\\\/\\\/religiomics.org\\\/it\\\/casa\\\/\"},{\"@type\":\"ListItem\",\"position\":2,\"name\":\"Questionario\"}]},{\"@type\":\"WebSite\",\"@id\":\"https:\\\/\\\/religiomics.org\\\/#website\",\"url\":\"https:\\\/\\\/religiomics.org\\\/\",\"name\":\"Religiomics\",\"description\":\"Un progetto sulla relazione tra religione e fumetti\",\"publisher\":{\"@id\":\"https:\\\/\\\/religiomics.org\\\/#organization\"},\"potentialAction\":[{\"@type\":\"SearchAction\",\"target\":{\"@type\":\"EntryPoint\",\"urlTemplate\":\"https:\\\/\\\/religiomics.org\\\/?s={search_term_string}\"},\"query-input\":{\"@type\":\"PropertyValueSpecification\",\"valueRequired\":true,\"valueName\":\"search_term_string\"}}],\"inLanguage\":\"it-IT\"},{\"@type\":\"Organization\",\"@id\":\"https:\\\/\\\/religiomics.org\\\/#organization\",\"name\":\"Religiomics\",\"url\":\"https:\\\/\\\/religiomics.org\\\/\",\"logo\":{\"@type\":\"ImageObject\",\"inLanguage\":\"it-IT\",\"@id\":\"https:\\\/\\\/religiomics.org\\\/#\\\/schema\\\/logo\\\/image\\\/\",\"url\":\"https:\\\/\\\/religiomics.org\\\/wp-content\\\/uploads\\\/2024\\\/11\\\/logo-mask.png\",\"contentUrl\":\"https:\\\/\\\/religiomics.org\\\/wp-content\\\/uploads\\\/2024\\\/11\\\/logo-mask.png\",\"width\":1376,\"height\":516,\"caption\":\"Religiomics\"},\"image\":{\"@id\":\"https:\\\/\\\/religiomics.org\\\/#\\\/schema\\\/logo\\\/image\\\/\"}}]}<\/script>\n<!-- \/ Yoast SEO plugin. -->","yoast_head_json":{"title":"Questionario - Religiomics","robots":{"index":"index","follow":"follow","max-snippet":"max-snippet:-1","max-image-preview":"max-image-preview:large","max-video-preview":"max-video-preview:-1"},"canonical":"https:\/\/religiomics.org\/it\/questionario\/","og_locale":"it_IT","og_type":"article","og_title":"Questionario - Religiomics","og_description":"Questionario In questo progetto, il termine religione \u00e8 inteso in un senso ampio: includendo spiritualit\u00e0, esoterismo, psichedelia, occultismo e persino religioni basate sulla letteratura e parodistiche. Infatti, i fumetti sono stati spesso un veicolo per la diffusione sia delle religioni istituzionali che di dottrine eterodosse. Religiomics \u00e8 un progetto di ricerca dell&#8217;Universit\u00e0 di Bologna (guidato [&hellip;]","og_url":"https:\/\/religiomics.org\/it\/questionario\/","og_site_name":"Religiomics","article_modified_time":"2025-01-31T16:25:08+00:00","og_image":[{"width":800,"height":1031,"url":"https:\/\/religiomics.org\/wp-content\/uploads\/2024\/12\/img11.jpg","type":"image\/jpeg"}],"twitter_card":"summary_large_image","twitter_misc":{"Tempo di lettura stimato":"1 minuto"},"schema":{"@context":"https:\/\/schema.org","@graph":[{"@type":"WebPage","@id":"https:\/\/religiomics.org\/it\/questionario\/","url":"https:\/\/religiomics.org\/it\/questionario\/","name":"Questionario - Religiomics","isPartOf":{"@id":"https:\/\/religiomics.org\/#website"},"primaryImageOfPage":{"@id":"https:\/\/religiomics.org\/it\/questionario\/#primaryimage"},"image":{"@id":"https:\/\/religiomics.org\/it\/questionario\/#primaryimage"},"thumbnailUrl":"https:\/\/religiomics.org\/wp-content\/uploads\/2024\/12\/img11-795x1024.jpg","datePublished":"2024-12-05T14:16:39+00:00","dateModified":"2025-01-31T16:25:08+00:00","breadcrumb":{"@id":"https:\/\/religiomics.org\/it\/questionario\/#breadcrumb"},"inLanguage":"it-IT","potentialAction":[{"@type":"ReadAction","target":["https:\/\/religiomics.org\/it\/questionario\/"]}]},{"@type":"ImageObject","inLanguage":"it-IT","@id":"https:\/\/religiomics.org\/it\/questionario\/#primaryimage","url":"https:\/\/religiomics.org\/wp-content\/uploads\/2024\/12\/img11-795x1024.jpg","contentUrl":"https:\/\/religiomics.org\/wp-content\/uploads\/2024\/12\/img11-795x1024.jpg"},{"@type":"BreadcrumbList","@id":"https:\/\/religiomics.org\/it\/questionario\/#breadcrumb","itemListElement":[{"@type":"ListItem","position":1,"name":"Home","item":"https:\/\/religiomics.org\/it\/casa\/"},{"@type":"ListItem","position":2,"name":"Questionario"}]},{"@type":"WebSite","@id":"https:\/\/religiomics.org\/#website","url":"https:\/\/religiomics.org\/","name":"Religiomics","description":"Un progetto sulla relazione tra religione e fumetti","publisher":{"@id":"https:\/\/religiomics.org\/#organization"},"potentialAction":[{"@type":"SearchAction","target":{"@type":"EntryPoint","urlTemplate":"https:\/\/religiomics.org\/?s={search_term_string}"},"query-input":{"@type":"PropertyValueSpecification","valueRequired":true,"valueName":"search_term_string"}}],"inLanguage":"it-IT"},{"@type":"Organization","@id":"https:\/\/religiomics.org\/#organization","name":"Religiomics","url":"https:\/\/religiomics.org\/","logo":{"@type":"ImageObject","inLanguage":"it-IT","@id":"https:\/\/religiomics.org\/#\/schema\/logo\/image\/","url":"https:\/\/religiomics.org\/wp-content\/uploads\/2024\/11\/logo-mask.png","contentUrl":"https:\/\/religiomics.org\/wp-content\/uploads\/2024\/11\/logo-mask.png","width":1376,"height":516,"caption":"Religiomics"},"image":{"@id":"https:\/\/religiomics.org\/#\/schema\/logo\/image\/"}}]}},"_links":{"self":[{"href":"https:\/\/religiomics.org\/it\/wp-json\/wp\/v2\/pages\/2942","targetHints":{"allow":["GET"]}}],"collection":[{"href":"https:\/\/religiomics.org\/it\/wp-json\/wp\/v2\/pages"}],"about":[{"href":"https:\/\/religiomics.org\/it\/wp-json\/wp\/v2\/types\/page"}],"author":[{"embeddable":true,"href":"https:\/\/religiomics.org\/it\/wp-json\/wp\/v2\/users\/2"}],"replies":[{"embeddable":true,"href":"https:\/\/religiomics.org\/it\/wp-json\/wp\/v2\/comments?post=2942"}],"version-history":[{"count":11,"href":"https:\/\/religiomics.org\/it\/wp-json\/wp\/v2\/pages\/2942\/revisions"}],"predecessor-version":[{"id":3168,"href":"https:\/\/religiomics.org\/it\/wp-json\/wp\/v2\/pages\/2942\/revisions\/3168"}],"wp:attachment":[{"href":"https:\/\/religiomics.org\/it\/wp-json\/wp\/v2\/media?parent=2942"}],"curies":[{"name":"wp","href":"https:\/\/api.w.org\/{rel}","templated":true}]}}