{"id":2944,"date":"2024-12-05T14:16:39","date_gmt":"2024-12-05T14:16:39","guid":{"rendered":"https:\/\/religiomics.org\/questionnaire\/"},"modified":"2025-01-31T16:26:04","modified_gmt":"2025-01-31T16:26:04","slug":"questionnaire","status":"publish","type":"page","link":"https:\/\/religiomics.org\/fr\/questionnaire\/","title":{"rendered":"Questionnaire"},"content":{"rendered":"\t\t<div data-elementor-type=\"wp-page\" data-elementor-id=\"2944\" class=\"elementor elementor-2944 elementor-71\" data-elementor-post-type=\"page\">\n\t\t\t\t<div class=\"elementor-element elementor-element-042e83b e-flex e-con-boxed e-con e-parent\" data-id=\"042e83b\" data-element_type=\"container\" data-settings=\"{&quot;background_background&quot;:&quot;classic&quot;}\">\n\t\t\t\t\t<div class=\"e-con-inner\">\n\t\t\t\t<div class=\"elementor-element elementor-element-3d247d5 elementor-widget elementor-widget-heading\" data-id=\"3d247d5\" data-element_type=\"widget\" data-widget_type=\"heading.default\">\n\t\t\t\t<div class=\"elementor-widget-container\">\n\t\t\t\t\t<h1 class=\"elementor-heading-title elementor-size-default\">Questionnaire<\/h1>\t\t\t\t<\/div>\n\t\t\t\t<\/div>\n\t\t<div class=\"elementor-element elementor-element-94c112e e-con-full e-flex e-con e-child\" data-id=\"94c112e\" data-element_type=\"container\">\n\t\t\t\t<div class=\"elementor-element elementor-element-51ea93b elementor-widget__width-initial elementor-widget-mobile_extra__width-inherit elementor-widget elementor-widget-text-editor\" data-id=\"51ea93b\" data-element_type=\"widget\" data-widget_type=\"text-editor.default\">\n\t\t\t\t<div class=\"elementor-widget-container\">\n\t\t\t\t\t\t\t\t\t<p>Le terme \u00ab religion \u00bb y est entendu dans un sens tr\u00e8s large : il englobe aussi bien la <strong>spiritualit\u00e9<\/strong>, l\u2019<strong>\u00e9sot\u00e9risme<\/strong>, les <strong>psych\u00e9d\u00e9liques<\/strong> et l\u2019<strong>occultisme<\/strong> que les <strong>religions parodiques<\/strong> ou <strong>fond\u00e9es sur la fiction<\/strong>.<\/p>\n<p>Les bandes dessin\u00e9es ont souvent \u00e9t\u00e9 un vecteur de diffusion tant pour les religions institutionnelles que pour les doctrines h\u00e9t\u00e9rodoxes.<\/p>\n<p><em>Religiomics<\/em> est un projet de l\u2019Universit\u00e9 de Bologne (conduit par Francesco Piraino), en collaboration avec les universit\u00e9s de Lausanne et Harvard.<\/p>\n<p><b>Les donn\u00e9es collect\u00e9es, utilis\u00e9es uniquement \u00e0 des fins de recherche, seront trait\u00e9es de mani\u00e8re agr\u00e9g\u00e9e et anonyme.<\/b><\/p>\n<p>Nous vous invitons, dans la mesure de vos possibilit\u00e9s, \u00e0 r\u00e9pondre \u00e0 ce questionnaire.<\/p>\n<p>Si vous en manifestez le souhait, nous serons heureux de vous envoyer les r\u00e9sultats de notre recherche.<br \/>\nPour toute autre information sur le projet, n\u2019h\u00e9sitez pas \u00e0 \u00e9crire \u00e0 l\u2019adresse e-mail suivante : <strong><a href=\"mailto:francesco.piraino@unibo.it\" target=\"_blank\" rel=\"noopener\">francesco.piraino@unibo.it<\/a><\/strong>  <\/p>\n<p>Merci pour votre attention. Votre participation est pr\u00e9cieuse !<\/p>\n\t\t\t\t\t\t\t\t<\/div>\n\t\t\t\t<\/div>\n\t\t\t\t<div class=\"elementor-element elementor-element-efb8d7d elementor-widget__width-initial elementor-widget-mobile__width-inherit elementor-widget elementor-widget-image\" data-id=\"efb8d7d\" data-element_type=\"widget\" data-widget_type=\"image.default\">\n\t\t\t\t<div class=\"elementor-widget-container\">\n\t\t\t\t\t\t\t\t\t\t\t\t<figure class=\"wp-caption\">\n\t\t\t\t\t\t\t\t\t\t<img fetchpriority=\"high\" decoding=\"async\" width=\"795\" height=\"1024\" src=\"https:\/\/religiomics.org\/wp-content\/uploads\/2024\/12\/img11-795x1024.jpg\" class=\"attachment-large size-large wp-image-2802\" alt=\"\" srcset=\"https:\/\/religiomics.org\/wp-content\/uploads\/2024\/12\/img11-795x1024.jpg 795w, https:\/\/religiomics.org\/wp-content\/uploads\/2024\/12\/img11-233x300.jpg 233w, https:\/\/religiomics.org\/wp-content\/uploads\/2024\/12\/img11-768x990.jpg 768w, https:\/\/religiomics.org\/wp-content\/uploads\/2024\/12\/img11.jpg 800w\" sizes=\"(max-width: 795px) 100vw, 795px\" \/>\t\t\t\t\t\t\t\t\t\t\t<figcaption class=\"widget-image-caption wp-caption-text\">\u201cStigmate\u201d by Lorenzo Mattotti<\/figcaption>\n\t\t\t\t\t\t\t\t\t\t<\/figure>\n\t\t\t\t\t\t\t\t\t<\/div>\n\t\t\t\t<\/div>\n\t\t\t\t<\/div>\n\t\t\t\t\t<\/div>\n\t\t\t\t<\/div>\n\t\t<div class=\"elementor-element elementor-element-314a1162 e-flex e-con-boxed e-con e-parent\" data-id=\"314a1162\" data-element_type=\"container\">\n\t\t\t\t\t<div class=\"e-con-inner\">\n\t\t\t\t<div class=\"elementor-element elementor-element-249c688 elementor-widget elementor-widget-text-editor\" data-id=\"249c688\" data-element_type=\"widget\" data-widget_type=\"text-editor.default\">\n\t\t\t\t<div class=\"elementor-widget-container\">\n\t\t\t\t\t\t\t\t\t<iframe style=\"border: none; max-width: 100%; min-height: 85vh;\" src=\"https:\/\/forms.office.com\/Pages\/ResponsePage.aspx?id=3EeW6QgbSkW_jGmRgbOJq2buMoEllaNFipwGhyt08NBUMjFMSVFTQkI0VFJGUURZWDlUM05WVzk3Vi4u&#038;embed=true\" frameborder=\"0\" marginwidth=\"0\" marginheight=\"0\" style=\"border: none; max-width:100%; max-height:100vh\" allowfullscreen webkitallowfullscreen mozallowfullscreen msallowfullscreen> <\/iframe>\t\t\t\t\t\t\t\t<\/div>\n\t\t\t\t<\/div>\n\t\t\t\t\t<\/div>\n\t\t\t\t<\/div>\n\t\t\t\t<\/div>\n\t\t","protected":false},"excerpt":{"rendered":"<p>Questionnaire Le terme \u00ab religion \u00bb y est entendu dans un sens tr\u00e8s large : il englobe aussi bien la spiritualit\u00e9, l\u2019\u00e9sot\u00e9risme, les psych\u00e9d\u00e9liques et l\u2019occultisme que les religions parodiques ou fond\u00e9es sur la fiction. Les bandes dessin\u00e9es ont souvent \u00e9t\u00e9 un vecteur de diffusion tant pour les religions institutionnelles que pour les doctrines h\u00e9t\u00e9rodoxes. [&hellip;]<\/p>\n","protected":false},"author":2,"featured_media":0,"parent":0,"menu_order":0,"comment_status":"closed","ping_status":"closed","template":"","meta":{"_acf_changed":false,"footnotes":""},"class_list":["post-2944","page","type-page","status-publish","hentry"],"acf":[],"yoast_head":"<!-- This site is optimized with the Yoast SEO plugin v27.4 - https:\/\/yoast.com\/product\/yoast-seo-wordpress\/ -->\n<title>Questionnaire - Religiomics<\/title>\n<meta name=\"robots\" content=\"index, follow, max-snippet:-1, max-image-preview:large, max-video-preview:-1\" \/>\n<link rel=\"canonical\" href=\"https:\/\/religiomics.org\/fr\/questionnaire\/\" \/>\n<meta property=\"og:locale\" content=\"fr_FR\" \/>\n<meta property=\"og:type\" content=\"article\" \/>\n<meta property=\"og:title\" content=\"Questionnaire - Religiomics\" \/>\n<meta property=\"og:description\" content=\"Questionnaire Le terme \u00ab religion \u00bb y est entendu dans un sens tr\u00e8s large : il englobe aussi bien la spiritualit\u00e9, l\u2019\u00e9sot\u00e9risme, les psych\u00e9d\u00e9liques et l\u2019occultisme que les religions parodiques ou fond\u00e9es sur la fiction. Les bandes dessin\u00e9es ont souvent \u00e9t\u00e9 un vecteur de diffusion tant pour les religions institutionnelles que pour les doctrines h\u00e9t\u00e9rodoxes. [&hellip;]\" \/>\n<meta property=\"og:url\" content=\"https:\/\/religiomics.org\/fr\/questionnaire\/\" \/>\n<meta property=\"og:site_name\" content=\"Religiomics\" \/>\n<meta property=\"article:modified_time\" content=\"2025-01-31T16:26:04+00:00\" \/>\n<meta property=\"og:image\" content=\"https:\/\/religiomics.org\/wp-content\/uploads\/2024\/12\/img11.jpg\" \/>\n\t<meta property=\"og:image:width\" content=\"800\" \/>\n\t<meta property=\"og:image:height\" content=\"1031\" \/>\n\t<meta property=\"og:image:type\" content=\"image\/jpeg\" \/>\n<meta name=\"twitter:card\" content=\"summary_large_image\" \/>\n<meta name=\"twitter:label1\" content=\"Dur\u00e9e de lecture estim\u00e9e\" \/>\n\t<meta name=\"twitter:data1\" content=\"1 minute\" \/>\n<script type=\"application\/ld+json\" class=\"yoast-schema-graph\">{\"@context\":\"https:\\\/\\\/schema.org\",\"@graph\":[{\"@type\":\"WebPage\",\"@id\":\"https:\\\/\\\/religiomics.org\\\/fr\\\/questionnaire\\\/\",\"url\":\"https:\\\/\\\/religiomics.org\\\/fr\\\/questionnaire\\\/\",\"name\":\"Questionnaire - Religiomics\",\"isPartOf\":{\"@id\":\"https:\\\/\\\/religiomics.org\\\/#website\"},\"primaryImageOfPage\":{\"@id\":\"https:\\\/\\\/religiomics.org\\\/fr\\\/questionnaire\\\/#primaryimage\"},\"image\":{\"@id\":\"https:\\\/\\\/religiomics.org\\\/fr\\\/questionnaire\\\/#primaryimage\"},\"thumbnailUrl\":\"https:\\\/\\\/religiomics.org\\\/wp-content\\\/uploads\\\/2024\\\/12\\\/img11-795x1024.jpg\",\"datePublished\":\"2024-12-05T14:16:39+00:00\",\"dateModified\":\"2025-01-31T16:26:04+00:00\",\"breadcrumb\":{\"@id\":\"https:\\\/\\\/religiomics.org\\\/fr\\\/questionnaire\\\/#breadcrumb\"},\"inLanguage\":\"fr-FR\",\"potentialAction\":[{\"@type\":\"ReadAction\",\"target\":[\"https:\\\/\\\/religiomics.org\\\/fr\\\/questionnaire\\\/\"]}]},{\"@type\":\"ImageObject\",\"inLanguage\":\"fr-FR\",\"@id\":\"https:\\\/\\\/religiomics.org\\\/fr\\\/questionnaire\\\/#primaryimage\",\"url\":\"https:\\\/\\\/religiomics.org\\\/wp-content\\\/uploads\\\/2024\\\/12\\\/img11-795x1024.jpg\",\"contentUrl\":\"https:\\\/\\\/religiomics.org\\\/wp-content\\\/uploads\\\/2024\\\/12\\\/img11-795x1024.jpg\"},{\"@type\":\"BreadcrumbList\",\"@id\":\"https:\\\/\\\/religiomics.org\\\/fr\\\/questionnaire\\\/#breadcrumb\",\"itemListElement\":[{\"@type\":\"ListItem\",\"position\":1,\"name\":\"Home\",\"item\":\"https:\\\/\\\/religiomics.org\\\/fr\\\/accueil\\\/\"},{\"@type\":\"ListItem\",\"position\":2,\"name\":\"Questionnaire\"}]},{\"@type\":\"WebSite\",\"@id\":\"https:\\\/\\\/religiomics.org\\\/#website\",\"url\":\"https:\\\/\\\/religiomics.org\\\/\",\"name\":\"Religiomics\",\"description\":\"Un progetto sulla relazione tra religione e fumetti\",\"publisher\":{\"@id\":\"https:\\\/\\\/religiomics.org\\\/#organization\"},\"potentialAction\":[{\"@type\":\"SearchAction\",\"target\":{\"@type\":\"EntryPoint\",\"urlTemplate\":\"https:\\\/\\\/religiomics.org\\\/?s={search_term_string}\"},\"query-input\":{\"@type\":\"PropertyValueSpecification\",\"valueRequired\":true,\"valueName\":\"search_term_string\"}}],\"inLanguage\":\"fr-FR\"},{\"@type\":\"Organization\",\"@id\":\"https:\\\/\\\/religiomics.org\\\/#organization\",\"name\":\"Religiomics\",\"url\":\"https:\\\/\\\/religiomics.org\\\/\",\"logo\":{\"@type\":\"ImageObject\",\"inLanguage\":\"fr-FR\",\"@id\":\"https:\\\/\\\/religiomics.org\\\/#\\\/schema\\\/logo\\\/image\\\/\",\"url\":\"https:\\\/\\\/religiomics.org\\\/wp-content\\\/uploads\\\/2024\\\/11\\\/logo-mask.png\",\"contentUrl\":\"https:\\\/\\\/religiomics.org\\\/wp-content\\\/uploads\\\/2024\\\/11\\\/logo-mask.png\",\"width\":1376,\"height\":516,\"caption\":\"Religiomics\"},\"image\":{\"@id\":\"https:\\\/\\\/religiomics.org\\\/#\\\/schema\\\/logo\\\/image\\\/\"}}]}<\/script>\n<!-- \/ Yoast SEO plugin. -->","yoast_head_json":{"title":"Questionnaire - Religiomics","robots":{"index":"index","follow":"follow","max-snippet":"max-snippet:-1","max-image-preview":"max-image-preview:large","max-video-preview":"max-video-preview:-1"},"canonical":"https:\/\/religiomics.org\/fr\/questionnaire\/","og_locale":"fr_FR","og_type":"article","og_title":"Questionnaire - Religiomics","og_description":"Questionnaire Le terme \u00ab religion \u00bb y est entendu dans un sens tr\u00e8s large : il englobe aussi bien la spiritualit\u00e9, l\u2019\u00e9sot\u00e9risme, les psych\u00e9d\u00e9liques et l\u2019occultisme que les religions parodiques ou fond\u00e9es sur la fiction. Les bandes dessin\u00e9es ont souvent \u00e9t\u00e9 un vecteur de diffusion tant pour les religions institutionnelles que pour les doctrines h\u00e9t\u00e9rodoxes. [&hellip;]","og_url":"https:\/\/religiomics.org\/fr\/questionnaire\/","og_site_name":"Religiomics","article_modified_time":"2025-01-31T16:26:04+00:00","og_image":[{"width":800,"height":1031,"url":"https:\/\/religiomics.org\/wp-content\/uploads\/2024\/12\/img11.jpg","type":"image\/jpeg"}],"twitter_card":"summary_large_image","twitter_misc":{"Dur\u00e9e de lecture estim\u00e9e":"1 minute"},"schema":{"@context":"https:\/\/schema.org","@graph":[{"@type":"WebPage","@id":"https:\/\/religiomics.org\/fr\/questionnaire\/","url":"https:\/\/religiomics.org\/fr\/questionnaire\/","name":"Questionnaire - Religiomics","isPartOf":{"@id":"https:\/\/religiomics.org\/#website"},"primaryImageOfPage":{"@id":"https:\/\/religiomics.org\/fr\/questionnaire\/#primaryimage"},"image":{"@id":"https:\/\/religiomics.org\/fr\/questionnaire\/#primaryimage"},"thumbnailUrl":"https:\/\/religiomics.org\/wp-content\/uploads\/2024\/12\/img11-795x1024.jpg","datePublished":"2024-12-05T14:16:39+00:00","dateModified":"2025-01-31T16:26:04+00:00","breadcrumb":{"@id":"https:\/\/religiomics.org\/fr\/questionnaire\/#breadcrumb"},"inLanguage":"fr-FR","potentialAction":[{"@type":"ReadAction","target":["https:\/\/religiomics.org\/fr\/questionnaire\/"]}]},{"@type":"ImageObject","inLanguage":"fr-FR","@id":"https:\/\/religiomics.org\/fr\/questionnaire\/#primaryimage","url":"https:\/\/religiomics.org\/wp-content\/uploads\/2024\/12\/img11-795x1024.jpg","contentUrl":"https:\/\/religiomics.org\/wp-content\/uploads\/2024\/12\/img11-795x1024.jpg"},{"@type":"BreadcrumbList","@id":"https:\/\/religiomics.org\/fr\/questionnaire\/#breadcrumb","itemListElement":[{"@type":"ListItem","position":1,"name":"Home","item":"https:\/\/religiomics.org\/fr\/accueil\/"},{"@type":"ListItem","position":2,"name":"Questionnaire"}]},{"@type":"WebSite","@id":"https:\/\/religiomics.org\/#website","url":"https:\/\/religiomics.org\/","name":"Religiomics","description":"Un progetto sulla relazione tra religione e fumetti","publisher":{"@id":"https:\/\/religiomics.org\/#organization"},"potentialAction":[{"@type":"SearchAction","target":{"@type":"EntryPoint","urlTemplate":"https:\/\/religiomics.org\/?s={search_term_string}"},"query-input":{"@type":"PropertyValueSpecification","valueRequired":true,"valueName":"search_term_string"}}],"inLanguage":"fr-FR"},{"@type":"Organization","@id":"https:\/\/religiomics.org\/#organization","name":"Religiomics","url":"https:\/\/religiomics.org\/","logo":{"@type":"ImageObject","inLanguage":"fr-FR","@id":"https:\/\/religiomics.org\/#\/schema\/logo\/image\/","url":"https:\/\/religiomics.org\/wp-content\/uploads\/2024\/11\/logo-mask.png","contentUrl":"https:\/\/religiomics.org\/wp-content\/uploads\/2024\/11\/logo-mask.png","width":1376,"height":516,"caption":"Religiomics"},"image":{"@id":"https:\/\/religiomics.org\/#\/schema\/logo\/image\/"}}]}},"_links":{"self":[{"href":"https:\/\/religiomics.org\/fr\/wp-json\/wp\/v2\/pages\/2944","targetHints":{"allow":["GET"]}}],"collection":[{"href":"https:\/\/religiomics.org\/fr\/wp-json\/wp\/v2\/pages"}],"about":[{"href":"https:\/\/religiomics.org\/fr\/wp-json\/wp\/v2\/types\/page"}],"author":[{"embeddable":true,"href":"https:\/\/religiomics.org\/fr\/wp-json\/wp\/v2\/users\/2"}],"replies":[{"embeddable":true,"href":"https:\/\/religiomics.org\/fr\/wp-json\/wp\/v2\/comments?post=2944"}],"version-history":[{"count":8,"href":"https:\/\/religiomics.org\/fr\/wp-json\/wp\/v2\/pages\/2944\/revisions"}],"predecessor-version":[{"id":3171,"href":"https:\/\/religiomics.org\/fr\/wp-json\/wp\/v2\/pages\/2944\/revisions\/3171"}],"wp:attachment":[{"href":"https:\/\/religiomics.org\/fr\/wp-json\/wp\/v2\/media?parent=2944"}],"curies":[{"name":"wp","href":"https:\/\/api.w.org\/{rel}","templated":true}]}}